{"id":78,"date":"2023-10-06T18:21:17","date_gmt":"2023-10-06T18:21:17","guid":{"rendered":"https:\/\/www.samachja.ch\/?page_id=78"},"modified":"2023-10-06T18:23:36","modified_gmt":"2023-10-06T18:23:36","slug":"register","status":"publish","type":"page","link":"https:\/\/www.samachja.ch\/?page_id=78","title":{"rendered":"Registrieren"},"content":{"rendered":"<div class=\"tml tml-register\">\n<div class=\"tml-alerts\"><\/div><form name=\"register\" action=\"https:\/\/www.samachja.ch\/?action=register\" method=\"post\" novalidate=\"novalidate\">\n<div class=\"tml-field-wrap tml-user_login-wrap\">\n<label class=\"tml-label\" for=\"user_login\">Benutzername<\/label>\n<input name=\"user_login\" type=\"text\" value=\"\" id=\"user_login\" autocapitalize=\"off\" class=\"tml-field\">\n<\/div>\n\n<div class=\"tml-field-wrap tml-user_email-wrap\">\n<label class=\"tml-label\" for=\"user_email\">E-Mail-Adresse<\/label>\n<input name=\"user_email\" type=\"email\" value=\"\" id=\"user_email\" class=\"tml-field\">\n<\/div>\n\n<div class=\"tml-field-wrap tml-user_pass1-wrap\">\n<label class=\"tml-label\" for=\"pass1\">Passwort<\/label>\n<input name=\"user_pass1\" type=\"password\" value=\"\" id=\"pass1\" autocomplete=\"off\" class=\"tml-field\">\n<\/div>\n\n<div class=\"tml-field-wrap tml-user_pass2-wrap\">\n<label class=\"tml-label\" for=\"pass2\">Passwort best\u00e4tigen<\/label>\n<input name=\"user_pass2\" type=\"password\" value=\"\" id=\"pass2\" autocomplete=\"off\" class=\"tml-field\">\n<\/div>\n\n<div class=\"tml-field-wrap tml-indicator-wrap\">\n<div id=\"pass-strength-result\" class=\"hide-if-no-js\" aria-live=\"polite\">Passwortst\u00e4rke<\/div><\/div>\n\n<div class=\"tml-field-wrap tml-indicator_hint-wrap\">\n<p class=\"description indicator-hint\">Tipp: Das Passwort sollte mindestens zw\u00f6lf Zeichen lang sein. F\u00fcr ein st\u00e4rkeres Passwort verwende Gro\u00df- und Kleinbuchstaben, Zahlen und Sonderzeichen wie ! \" ? $ % ^ &amp; ).<\/p><\/div>\n\n\n<div class=\"tml-field-wrap tml-submit-wrap\">\n<button name=\"submit\" type=\"submit\" class=\"tml-button\">Registrieren<\/button>\n<\/div>\n\n<input name=\"redirect_to\" type=\"hidden\" value=\"\">\n\n<\/form>\n<ul class=\"tml-links\"><li class=\"tml-login-link\"><a href=\"https:\/\/www.samachja.ch\/?action=login\">Anmelden<\/a><\/li><li class=\"tml-lostpassword-link\"><a href=\"https:\/\/www.samachja.ch\/?action=lostpassword\">Passwort vergessen?<\/a><\/li><\/ul><\/div>\n\n","protected":false},"excerpt":{"rendered":"","protected":false},"author":1,"featured_media":0,"parent":0,"menu_order":0,"comment_status":"closed","ping_status":"closed","template":"","meta":{"footnotes":""},"class_list":["post-78","page","type-page","status-publish","hentry"],"_links":{"self":[{"href":"https:\/\/www.samachja.ch\/index.php?rest_route=\/wp\/v2\/pages\/78","targetHints":{"allow":["GET"]}}],"collection":[{"href":"https:\/\/www.samachja.ch\/index.php?rest_route=\/wp\/v2\/pages"}],"about":[{"href":"https:\/\/www.samachja.ch\/index.php?rest_route=\/wp\/v2\/types\/page"}],"author":[{"embeddable":true,"href":"https:\/\/www.samachja.ch\/index.php?rest_route=\/wp\/v2\/users\/1"}],"replies":[{"embeddable":true,"href":"https:\/\/www.samachja.ch\/index.php?rest_route=%2Fwp%2Fv2%2Fcomments&post=78"}],"version-history":[{"count":2,"href":"https:\/\/www.samachja.ch\/index.php?rest_route=\/wp\/v2\/pages\/78\/revisions"}],"predecessor-version":[{"id":85,"href":"https:\/\/www.samachja.ch\/index.php?rest_route=\/wp\/v2\/pages\/78\/revisions\/85"}],"wp:attachment":[{"href":"https:\/\/www.samachja.ch\/index.php?rest_route=%2Fwp%2Fv2%2Fmedia&parent=78"}],"curies":[{"name":"wp","href":"https:\/\/api.w.org\/{rel}","templated":true}]}}